{"id":24318,"date":"2021-05-02T16:03:51","date_gmt":"2021-05-02T15:03:51","guid":{"rendered":"https:\/\/altea-international-school.es\/ais-shop\/?page_id=24318"},"modified":"2021-05-02T16:04:59","modified_gmt":"2021-05-02T15:04:59","slug":"legal-note","status":"publish","type":"page","link":"https:\/\/altea-international-school.es\/ais-shop\/legal-note\/?lang=es","title":{"rendered":"Politica de privacidad"},"content":{"rendered":"<div class=\"fusion-fullwidth fullwidth-box fusion-builder-row-1 fusion-flex-container nonhundred-percent-fullwidth non-hundred-percent-height-scrolling\" style=\"--awb-border-radius-top-left:0px;--awb-border-radius-top-right:0px;--awb-border-radius-bottom-right:0px;--awb-border-radius-bottom-left:0px;--awb-margin-top:50px;--awb-flex-wrap:wrap;\" ><div class=\"fusion-builder-row fusion-row fusion-flex-align-items-flex-start fusion-flex-content-wrap\" style=\"max-width:1248px;margin-left: calc(-4% \/ 2 );margin-right: calc(-4% \/ 2 );\"><div class=\"fusion-layout-column fusion_builder_column fusion-builder-column-0 fusion_builder_column_1_1 1_1 fusion-flex-column\" style=\"--awb-bg-size:cover;--awb-width-large:100%;--awb-margin-top-large:0px;--awb-spacing-right-large:1.92%;--awb-margin-bottom-large:0px;--awb-spacing-left-large:1.92%;--awb-width-medium:100%;--awb-spacing-right-medium:1.92%;--awb-spacing-left-medium:1.92%;--awb-width-small:100%;--awb-spacing-right-small:1.92%;--awb-spacing-left-small:1.92%;\"><div class=\"fusion-column-wrapper fusion-flex-justify-content-flex-start fusion-content-layout-column\"><div class=\"fusion-text fusion-text-1\"><p><img decoding=\"async\" class=\"wp-image-23564 alignleft\" src=\"https:\/\/altea-international-school.es\/ais-shop\/wp-content\/uploads\/2020\/12\/imageedit_1_3561052456.png\" alt=\"\" width=\"221\" height=\"218\" srcset=\"https:\/\/altea-international-school.es\/ais-shop\/wp-content\/uploads\/2020\/12\/imageedit_1_3561052456-66x66.png 66w, https:\/\/altea-international-school.es\/ais-shop\/wp-content\/uploads\/2020\/12\/imageedit_1_3561052456-200x197.png 200w, https:\/\/altea-international-school.es\/ais-shop\/wp-content\/uploads\/2020\/12\/imageedit_1_3561052456-300x296.png 300w, https:\/\/altea-international-school.es\/ais-shop\/wp-content\/uploads\/2020\/12\/imageedit_1_3561052456-400x394.png 400w, https:\/\/altea-international-school.es\/ais-shop\/wp-content\/uploads\/2020\/12\/imageedit_1_3561052456-600x591.png 600w, https:\/\/altea-international-school.es\/ais-shop\/wp-content\/uploads\/2020\/12\/imageedit_1_3561052456-768x757.png 768w, https:\/\/altea-international-school.es\/ais-shop\/wp-content\/uploads\/2020\/12\/imageedit_1_3561052456-800x789.png 800w, https:\/\/altea-international-school.es\/ais-shop\/wp-content\/uploads\/2020\/12\/imageedit_1_3561052456-1024x1009.png 1024w, https:\/\/altea-international-school.es\/ais-shop\/wp-content\/uploads\/2020\/12\/imageedit_1_3561052456-1200x1183.png 1200w, https:\/\/altea-international-school.es\/ais-shop\/wp-content\/uploads\/2020\/12\/imageedit_1_3561052456-1320x1301.png 1320w, https:\/\/altea-international-school.es\/ais-shop\/wp-content\/uploads\/2020\/12\/imageedit_1_3561052456.png 1470w\" sizes=\"(max-width: 221px) 100vw, 221px\" \/>INFORMACI\u00d3N SOBRE LA PROTECCI\u00d3N DE DATOS SEG\u00daN EL<br \/>\nREGLAMENTO GENERAL DE PROTECCI\u00d3N DE DATOS (RGPD)(UE) 2016\/679<\/p>\n<p>Le informamos que los datos personales facilitados y los que se faciliten en el futuro ser\u00e1n incluidos en ficheros automatizados titularidad de CULTURA Y EDUCACI\u00d3N CAUTIVADOR S.L. &#8211; COLEGIO AIS &#8211; ALTEA INTERNATIONAL SCHOOL (en adelante AIS), con domicilio en Partida Cautivador 18 &#8211; 03530 La Nuc\u00eda (Alicante)<\/p>\n<p>La finalidad de este fichero es poder contactar con usted, facilitarle informaci\u00f3n y responder a las solicitudes que realice por este medio. No se crean perfiles comerciales ni se toman decisiones automatizadas en base a sus datos. No se ceder\u00e1n datos a terceros, salvo obligaci\u00f3n legal.<\/p>\n<p>Los datos personales facilitados por este medio se conservar\u00e1n mientras no solicite su supresi\u00f3n.<\/p>\n<p>Asimismo, le informamos de que puede acceder a estos ficheros para ejercer sus derechos de acceso, rectificaci\u00f3n y, en su caso, cancelaci\u00f3n y oposici\u00f3n respecto a sus datos personales. Estos derechos podr\u00e1n ser ejercidos mediante comunicaci\u00f3n dirigida al Delegado de Protecci\u00f3n de Datos de AIS, en la siguiente direcci\u00f3n Partida Cautivador 18 &#8211; 03530 La Nuc\u00eda (Alicante) o por correo electr\u00f3nico a altea.international.school@gmail.com, adjuntando en todo caso copia de su DNI &#8211; NIE &#8211; Pasaporte. Asimismo, podr\u00e1 presentar una reclamaci\u00f3n ante la autoridad de control de cualquier Estado de la UE si considera que el tratamiento de sus datos personales no se ajusta a lo dispuesto en el Reglamento.<\/p>\n<p>Si no facilita los datos personales solicitados o no acepta esta pol\u00edtica de protecci\u00f3n de datos, ser\u00e1 imposible tramitar las solicitudes realizadas en esta web.<\/p>\n<p>No enviaremos ninguna informaci\u00f3n a su direcci\u00f3n de correo electr\u00f3nico a menos que haya marcado la casilla que aparece a continuaci\u00f3n al facilitar sus datos:<\/p>\n<p>Autorizo expresamente a que me env\u00eden informaci\u00f3n sobre novedades en Educaci\u00f3n, Formaci\u00f3n y noticias de AIS por correo electr\u00f3nico a la direcci\u00f3n de correo electr\u00f3nico que facilito con mis datos, siempre con car\u00e1cter revocable en cada env\u00edo, o en cualquier momento en el correo electr\u00f3nico altea.international.school@gmail.como a la direcci\u00f3n postal previamente indicada en este documento.<\/p>\n<p>Mediante la aceptaci\u00f3n de esta Pol\u00edtica de Privacidad, usted autoriza expresamente a AIS al tratamiento de sus datos personales mientras sean necesarios para las finalidades anteriormente expuestas.<\/p>\n<p>AVISO LEGAL<\/p>\n<p>&#8211; Este sitio web no se hace responsable de los da\u00f1os, p\u00e9rdidas o perjuicios derivados de las actividades de cualquier visitante del sitio y del uso que pueda hacer de su contenido.<\/p>\n<p>&#8211; Este sitio web no es responsable de lo que usted pueda hacer con la informaci\u00f3n y los enlaces de este sitio<\/p>\n<p>&#8211; Este sitio web no se hace responsable de los contenidos y opiniones de terceros expresados en los comentarios, si los hubiera. Si alguna de estas opiniones o contenidos se consideran ofensivos ser\u00e1n inmediatamente eliminados.<\/p>\n<p>&#8211; Este sitio web contiene enlaces externos a otros sitios web y no es responsable de sus pr\u00e1cticas de privacidad.<\/p>\n<p>COOKIES<\/p>\n<p>Este sitio web utiliza cookies anal\u00edticas para obtener datos estad\u00edsticos an\u00f3nimos de su navegaci\u00f3n en este sitio web.<\/p>\n<p>Como muchos otros sitios web, este sitio web hace uso de archivos de registro. La informaci\u00f3n contenida en los archivos de registro incluye las direcciones del protocolo de Internet (IP), el tipo de navegador, el proveedor de servicios de Internet (ISP), el sello de fecha\/hora, las p\u00e1ginas de referencia\/salida y el n\u00famero de clics para analizar tendencias, administrar el sitio, rastrear los movimientos del usuario en el sitio y recopilar informaci\u00f3n demogr\u00e1fica general. Las direcciones IP y otros datos no est\u00e1n vinculados a ninguna informaci\u00f3n personal identificable.<\/p>\n<p>Esto es lo que utiliza este sitio:<\/p>\n<p>&#8211; Google Analytics &#8211; https:\/\/www.google.com\/intl\/es_ALL\/privacypolicy.html<\/p>\n<p>Si desea desactivar las cookies, puede hacerlo a trav\u00e9s de las opciones de su navegador. Puede encontrar informaci\u00f3n m\u00e1s detallada sobre la gesti\u00f3n de las cookies en las p\u00e1ginas web de los respectivos navegadores:<\/p>\n<p>Configuraci\u00f3n de cookies de Internet Explorer<\/p>\n<p>&#8211; https:\/\/windows.microsoft.com\/es-es\/windows-vista\/block-or-allow-cookies<\/p>\n<p>Configuraci\u00f3n de cookies de Firefox<\/p>\n<p>&#8211; https:\/\/support.mozilla.org\/es\/kb\/habilitar-y-deshabilitar-cookies-que-los-sitios-we<\/p>\n<p>Configuraci\u00f3n de cookies de Google Chrome<\/p>\n<p>&#8211; https:\/\/support.google.com\/chrome\/answer\/95647?hl=es<\/p>\n<p>Configuraci\u00f3n de las cookies de Safari<\/p>\n<p>&#8211; https:\/\/support.apple.com\/kb\/HT1677?viewlocale=es_ES&amp;locale=es_ES<\/p>\n<p>LICENCIA DE CONTENIDOS<\/p>\n<p>Los textos, im\u00e1genes y dem\u00e1s contenidos incluidos en este sitio web son propiedad del Colegio Internacional AIS. Cualquier transmisi\u00f3n, distribuci\u00f3n, reproducci\u00f3n o almacenamiento, total o parcial, debe contar con el previo y expreso consentimiento por escrito del Colegio Internacional AIS, salvo que se indique lo contrario.<\/p>\n<p>Este sitio web puede contener enlaces a p\u00e1ginas externas.<\/p>\n<p>Traducci\u00f3n realizada con la versi\u00f3n gratuita del traductor www.DeepL.com\/Translator<\/p>\n<\/div><\/div><\/div><\/div><\/div>\n","protected":false},"excerpt":{"rendered":"","protected":false},"author":2,"featured_media":0,"parent":0,"menu_order":0,"comment_status":"closed","ping_status":"closed","template":"100-width.php","meta":{"footnotes":""},"class_list":["post-24318","page","type-page","status-publish","hentry"],"_links":{"self":[{"href":"https:\/\/altea-international-school.es\/ais-shop\/wp-json\/wp\/v2\/pages\/24318","targetHints":{"allow":["GET"]}}],"collection":[{"href":"https:\/\/altea-international-school.es\/ais-shop\/wp-json\/wp\/v2\/pages"}],"about":[{"href":"https:\/\/altea-international-school.es\/ais-shop\/wp-json\/wp\/v2\/types\/page"}],"author":[{"embeddable":true,"href":"https:\/\/altea-international-school.es\/ais-shop\/wp-json\/wp\/v2\/users\/2"}],"replies":[{"embeddable":true,"href":"https:\/\/altea-international-school.es\/ais-shop\/wp-json\/wp\/v2\/comments?post=24318"}],"version-history":[{"count":0,"href":"https:\/\/altea-international-school.es\/ais-shop\/wp-json\/wp\/v2\/pages\/24318\/revisions"}],"wp:attachment":[{"href":"https:\/\/altea-international-school.es\/ais-shop\/wp-json\/wp\/v2\/media?parent=24318"}],"curies":[{"name":"wp","href":"https:\/\/api.w.org\/{rel}","templated":true}]}}