{"id":25383,"date":"2022-02-07T00:58:56","date_gmt":"2022-02-06T23:58:56","guid":{"rendered":"https:\/\/altea-international-school.es\/ais-shop\/?page_id=25383"},"modified":"2023-08-31T12:11:53","modified_gmt":"2023-08-31T11:11:53","slug":"ais-contact-form-formulario-de-contacto","status":"publish","type":"page","link":"https:\/\/altea-international-school.es\/ais-shop\/ais-contact-form-formulario-de-contacto\/","title":{"rendered":"AIS Contact Form \/ Formulario de contacto"},"content":{"rendered":"<div class=\"fusion-fullwidth fullwidth-box fusion-builder-row-1 fusion-flex-container hundred-percent-fullwidth non-hundred-percent-height-scrolling\" style=\"--awb-border-radius-top-left:0px;--awb-border-radius-top-right:0px;--awb-border-radius-bottom-right:0px;--awb-border-radius-bottom-left:0px;--awb-padding-right:110px;--awb-padding-left:53px;--awb-padding-right-small:0px;--awb-padding-left-small:0px;--awb-flex-wrap:wrap;\" ><div class=\"fusion-builder-row fusion-row fusion-flex-align-items-flex-start fusion-flex-content-wrap\" style=\"width:104% !important;max-width:104% !important;margin-left: calc(-4% \/ 2 );margin-right: calc(-4% \/ 2 );\"><div class=\"fusion-layout-column fusion_builder_column fusion-builder-column-0 fusion_builder_column_1_1 1_1 fusion-flex-column\" style=\"--awb-padding-left:20px;--awb-padding-right-small:20px;--awb-padding-left-small:20px;--awb-bg-size:cover;--awb-border-color:#1d7fb0;--awb-border-style:solid;--awb-width-large:100%;--awb-margin-top-large:0px;--awb-spacing-right-large:1.92%;--awb-margin-bottom-large:20px;--awb-spacing-left-large:3.84%;--awb-width-medium:100%;--awb-order-medium:0;--awb-spacing-right-medium:1.92%;--awb-spacing-left-medium:3.84%;--awb-width-small:100%;--awb-order-small:0;--awb-spacing-right-small:1.92%;--awb-spacing-left-small:1.92%;\"><div class=\"fusion-column-wrapper fusion-column-has-shadow fusion-flex-justify-content-flex-start fusion-content-layout-column\"><div class=\"fusion-image-element \" style=\"text-align:center;--awb-max-width:200px;--awb-caption-title-font-family:var(--h2_typography-font-family);--awb-caption-title-font-weight:var(--h2_typography-font-weight);--awb-caption-title-font-style:var(--h2_typography-font-style);--awb-caption-title-size:var(--h2_typography-font-size);--awb-caption-title-transform:var(--h2_typography-text-transform);--awb-caption-title-line-height:var(--h2_typography-line-height);--awb-caption-title-letter-spacing:var(--h2_typography-letter-spacing);\"><span class=\" fusion-imageframe imageframe-none imageframe-1 hover-type-none\"><img decoding=\"async\" width=\"300\" height=\"296\" title=\"AIS_Logo\" src=\"https:\/\/altea-international-school.es\/ais-shop\/wp-content\/uploads\/2020\/12\/AIS_Logo-1-300x296.jpg\" alt class=\"img-responsive wp-image-23527\" srcset=\"https:\/\/altea-international-school.es\/ais-shop\/wp-content\/uploads\/2020\/12\/AIS_Logo-1-200x197.jpg 200w, https:\/\/altea-international-school.es\/ais-shop\/wp-content\/uploads\/2020\/12\/AIS_Logo-1-400x394.jpg 400w, https:\/\/altea-international-school.es\/ais-shop\/wp-content\/uploads\/2020\/12\/AIS_Logo-1-600x591.jpg 600w, https:\/\/altea-international-school.es\/ais-shop\/wp-content\/uploads\/2020\/12\/AIS_Logo-1-800x789.jpg 800w, https:\/\/altea-international-school.es\/ais-shop\/wp-content\/uploads\/2020\/12\/AIS_Logo-1-1200x1183.jpg 1200w, https:\/\/altea-international-school.es\/ais-shop\/wp-content\/uploads\/2020\/12\/AIS_Logo-1.jpg 1476w\" sizes=\"(max-width: 640px) 100vw, 1200px\" \/><\/span><\/div><div class=\"fusion-text fusion-text-1\" style=\"--awb-text-transform:none;\"><h3 style=\"text-align: center;\">CONTACT FORM<\/h3>\n<h3 style=\"text-align: center;\">FORMULARIO DE CONTACTO<\/h3>\n<\/div><div class=\"fusion-text fusion-text-2\" style=\"--awb-text-transform:none;\"><p style=\"text-align: center;\"><div class=\"wpforms-container wpforms-container-full\" id=\"wpforms-28806\"><form id=\"wpforms-form-28806\" class=\"wpforms-validate wpforms-form\" data-formid=\"28806\" method=\"post\" enctype=\"multipart\/form-data\" action=\"\/ais-shop\/wp-json\/wp\/v2\/pages\/25383?wpforms_form_id=28806\" data-token=\"532aa3f6cbfe1b8088c9f0cf589610bf\" data-token-time=\"1775408902\"><noscript class=\"wpforms-error-noscript\">Please enable JavaScript in your browser to complete this form.<\/noscript><div class=\"wpforms-field-container\"><div id=\"wpforms-28806-field_0-container\" class=\"wpforms-field wpforms-field-name\" data-field-id=\"0\"><label class=\"wpforms-field-label\" for=\"wpforms-28806-field_0\">Name \/ Nombre <span class=\"wpforms-required-label\">*<\/span><\/label><div class=\"wpforms-field-row wpforms-field-medium\"><div class=\"wpforms-field-row-block wpforms-first wpforms-one-half\"><input type=\"text\" id=\"wpforms-28806-field_0\" class=\"wpforms-field-name-first wpforms-field-required\" name=\"wpforms[fields][0][first]\" required><label for=\"wpforms-28806-field_0\" class=\"wpforms-field-sublabel after wpforms-sublabel-hide\">First<\/label><\/div><div class=\"wpforms-field-row-block wpforms-one-half\"><input type=\"text\" id=\"wpforms-28806-field_0-last\" class=\"wpforms-field-name-last wpforms-field-required\" name=\"wpforms[fields][0][last]\" required><label for=\"wpforms-28806-field_0-last\" class=\"wpforms-field-sublabel after wpforms-sublabel-hide\">Last<\/label><\/div><\/div><\/div><div id=\"wpforms-28806-field_1-container\" class=\"wpforms-field wpforms-field-email\" data-field-id=\"1\"><label class=\"wpforms-field-label\" for=\"wpforms-28806-field_1\">Email \/ Correo electr\u00f3nico <span class=\"wpforms-required-label\">*<\/span><\/label><input type=\"email\" id=\"wpforms-28806-field_1\" class=\"wpforms-field-medium wpforms-field-required\" name=\"wpforms[fields][1]\" spellcheck=\"false\" required><\/div><div id=\"wpforms-28806-field_2-container\" class=\"wpforms-field wpforms-field-textarea\" data-field-id=\"2\"><label class=\"wpforms-field-label\" for=\"wpforms-28806-field_2\">Message \/ Mensaje <span class=\"wpforms-required-label\">*<\/span><\/label><textarea id=\"wpforms-28806-field_2\" class=\"wpforms-field-medium wpforms-field-required\" name=\"wpforms[fields][2]\" required><\/textarea><\/div><div id=\"wpforms-28806-field_3-container\" class=\"wpforms-field wpforms-field-file-upload\" data-field-id=\"3\"><label class=\"wpforms-field-label\" for=\"wpforms-28806-field_3\">File Upload \/ Subir archivo<\/label><input type=\"file\" id=\"wpforms-28806-field_3\" data-rule-extension=\"doc,docx,jpeg,jpg,pdf,png\" data-rule-maxsize=\"134217728\" name=\"wpforms_28806_3\" accept=\".doc,.docx,.jpeg,.jpg,.pdf,.png\" ><\/div><div id=\"wpforms-28806-field_6-container\" class=\"wpforms-field wpforms-field-checkbox\" data-field-id=\"6\"><label class=\"wpforms-field-label wpforms-label-hide\" for=\"wpforms-28806-field_6\">Checkboxes <span class=\"wpforms-required-label\">*<\/span><\/label><ul id=\"wpforms-28806-field_6\" class=\"wpforms-field-required\"><li class=\"choice-1 depth-1\"><input type=\"checkbox\" id=\"wpforms-28806-field_6_1\" name=\"wpforms[fields][6][]\" value=\"I UNDERSTAND AND ACCEPT the processing of my data as described below and explained in more detail in the &lt;a href=&quot;https:\/\/altea-international-school.es\/ais-shop\/privacy-statement\/&quot;&gt; | PRIVACY POLICY | &lt;\/a&gt; ENTIENDO Y ACEPTO el tratamiento de mis datos tal y como se describe debajo y se explica con mayor detalle en la&lt;a href=&quot;https:\/\/altea-international-school.es\/ais-shop\/privacy-statement\/&quot;&gt; | Pol\u00edtica de Privacidad | &lt;\/a&gt;\" required ><label class=\"wpforms-field-label-inline\" for=\"wpforms-28806-field_6_1\">I UNDERSTAND AND ACCEPT the processing of my data as described below and explained in more detail in the <a href=\"https:\/\/altea-international-school.es\/ais-shop\/privacy-statement\/\"> | PRIVACY POLICY | <\/a> ENTIENDO Y ACEPTO el tratamiento de mis datos tal y como se describe debajo y se explica con mayor detalle en la<a href=\"https:\/\/altea-international-school.es\/ais-shop\/privacy-statement\/\"> | Pol\u00edtica de Privacidad | <\/a><\/label><\/li><\/ul><div class=\"wpforms-field-description\">Basic information on data protection - In accordance with the RGPD and the LOPDGDD, CULTURA Y EDUCACI\u00d3N CAUTIVADOR S.L. will process the data provided with the purpose of\r\nto manage and respond to your request. For more information about the processing of your data and to exercise your\r\nyour data and exercise your rights, please visit our <a href=\"https:\/\/altea-international-school.es\/ais-shop\/privacy-statement\/\"> | PRIVACY POLICY | <\/a> <div><br>Informaci\u00f3n b\u00e1sica en protecci\u00f3n de datos.- Conforme al RGPD y la LOPDGDD,\r\nCULTURA Y EDUCACI\u00d3N CAUTIVADOR S.L. tratar\u00e1 los datos facilitados con la finalidad\r\nde gestionar y atender su solicitud. Para obtener m\u00e1s informaci\u00f3n acerca del tratamiento de\r\nsus datos y ejercer sus derechos, visite nuestra <a href=\"https:\/\/altea-international-school.es\/ais-shop\/privacy-statement\/\"> | Pol\u00edtica de Privacidad | <\/a><\/div><\/div><\/div><\/div><!-- .wpforms-field-container --><div class=\"wpforms-field wpforms-field-hp\"><label for=\"wpforms-28806-field-hp\" class=\"wpforms-field-label\">Name<\/label><input type=\"text\" name=\"wpforms[hp]\" id=\"wpforms-28806-field-hp\" class=\"wpforms-field-medium\"><\/div><div class=\"wpforms-recaptcha-container wpforms-is-hcaptcha\" ><div class=\"g-recaptcha\" data-sitekey=\"185ffb25-dff8-4af2-823b-c57a0ab6e2ff\"><\/div><input type=\"text\" name=\"g-recaptcha-hidden\" class=\"wpforms-recaptcha-hidden\" style=\"position:absolute!important;clip:rect(0,0,0,0)!important;height:1px!important;width:1px!important;border:0!important;overflow:hidden!important;padding:0!important;margin:0!important;\" data-rule-hcaptcha=\"1\"><\/div><div class=\"wpforms-submit-container\" ><input type=\"hidden\" name=\"wpforms[id]\" value=\"28806\"><input type=\"hidden\" name=\"page_title\" value=\"\"><input type=\"hidden\" name=\"page_url\" value=\"https:\/\/altea-international-school.es\/ais-shop\/wp-json\/wp\/v2\/pages\/25383\"><button type=\"submit\" name=\"wpforms[submit]\" id=\"wpforms-submit-28806\" class=\"wpforms-submit\" data-alt-text=\"Sending...\/ Enviando...\" data-submit-text=\"Send \/ Enviar\" aria-live=\"assertive\" value=\"wpforms-submit\">Send \/ Enviar<\/button><\/div><\/form><\/div>  <!-- .wpforms-container --><\/p>\n<\/div><\/div><\/div><\/div><\/div>\n","protected":false},"excerpt":{"rendered":"","protected":false},"author":2,"featured_media":0,"parent":0,"menu_order":0,"comment_status":"closed","ping_status":"closed","template":"100-width.php","meta":{"footnotes":""},"class_list":["post-25383","page","type-page","status-publish","hentry"],"_links":{"self":[{"href":"https:\/\/altea-international-school.es\/ais-shop\/wp-json\/wp\/v2\/pages\/25383","targetHints":{"allow":["GET"]}}],"collection":[{"href":"https:\/\/altea-international-school.es\/ais-shop\/wp-json\/wp\/v2\/pages"}],"about":[{"href":"https:\/\/altea-international-school.es\/ais-shop\/wp-json\/wp\/v2\/types\/page"}],"author":[{"embeddable":true,"href":"https:\/\/altea-international-school.es\/ais-shop\/wp-json\/wp\/v2\/users\/2"}],"replies":[{"embeddable":true,"href":"https:\/\/altea-international-school.es\/ais-shop\/wp-json\/wp\/v2\/comments?post=25383"}],"version-history":[{"count":1,"href":"https:\/\/altea-international-school.es\/ais-shop\/wp-json\/wp\/v2\/pages\/25383\/revisions"}],"predecessor-version":[{"id":28812,"href":"https:\/\/altea-international-school.es\/ais-shop\/wp-json\/wp\/v2\/pages\/25383\/revisions\/28812"}],"wp:attachment":[{"href":"https:\/\/altea-international-school.es\/ais-shop\/wp-json\/wp\/v2\/media?parent=25383"}],"curies":[{"name":"wp","href":"https:\/\/api.w.org\/{rel}","templated":true}]}}